{"id":607,"date":"2025-07-24T07:07:21","date_gmt":"2025-07-24T07:07:21","guid":{"rendered":"https:\/\/zlatara-dev.green-dev.rs\/product\/burme-od-belog-zlata-4252\/"},"modified":"2025-07-24T07:07:21","modified_gmt":"2025-07-24T07:07:21","slug":"burme-od-belog-zlata-4252","status":"publish","type":"product","link":"http:\/\/zlatara-dev.green-dev.rs\/en\/product\/burme-od-belog-zlata-4252\/","title":{"rendered":"Burme od belog zlata"},"content":{"rendered":"","protected":false},"excerpt":{"rendered":"<p>Cena ovog seta burmi je okvirna i moze biti i vi\u0161a i ni\u017ea u zavisnosti od \u0161irine i debljine modela. Umesto cirkona mogu se dodati brilijanti, \u0161to tako\u0111e uti\u010de na cenu.<\/p>\n<p>Svaki model mogu\u0107e je izraditi u belom, \u017eutom ili roze zlatu.<\/p>\n<p>Rok izrade je 7 dana, pa Vas molimo da nam se blagovremeno javite kako bismo mogli da ispunimo sve va\u0161e \u017eelje u o\u010dekivanom roku<\/p>","protected":false},"featured_media":609,"template":"","meta":{"_acf_changed":false},"materijal":[39],"vrsta-kamena":[],"product_brand":[],"product_cat":[57,58,52],"product_tag":[],"class_list":{"0":"post-607","1":"product","2":"type-product","3":"status-publish","4":"has-post-thumbnail","6":"materijal-belo-zlato","7":"product_cat-burme-verenicko-prstenje-i-burme","8":"product_cat-burme-za-nju-i-njega","9":"product_cat-verenicko-prstenje-i-burme","10":"pa_materijali-belo-zlato","12":"first","13":"instock","14":"purchasable","15":"product-type-simple"},"acf":{"english":""},"jetpack_sharing_enabled":true,"_links":{"self":[{"href":"http:\/\/zlatara-dev.green-dev.rs\/en\/wp-json\/wp\/v2\/product\/607","targetHints":{"allow":["GET"]}}],"collection":[{"href":"http:\/\/zlatara-dev.green-dev.rs\/en\/wp-json\/wp\/v2\/product"}],"about":[{"href":"http:\/\/zlatara-dev.green-dev.rs\/en\/wp-json\/wp\/v2\/types\/product"}],"version-history":[{"count":1,"href":"http:\/\/zlatara-dev.green-dev.rs\/en\/wp-json\/wp\/v2\/product\/607\/revisions"}],"predecessor-version":[{"id":608,"href":"http:\/\/zlatara-dev.green-dev.rs\/en\/wp-json\/wp\/v2\/product\/607\/revisions\/608"}],"wp:featuredmedia":[{"embeddable":true,"href":"http:\/\/zlatara-dev.green-dev.rs\/en\/wp-json\/wp\/v2\/media\/609"}],"wp:attachment":[{"href":"http:\/\/zlatara-dev.green-dev.rs\/en\/wp-json\/wp\/v2\/media?parent=607"}],"wp:term":[{"taxonomy":"materijal","embeddable":true,"href":"http:\/\/zlatara-dev.green-dev.rs\/en\/wp-json\/wp\/v2\/materijal?post=607"},{"taxonomy":"vrsta-kamena","embeddable":true,"href":"http:\/\/zlatara-dev.green-dev.rs\/en\/wp-json\/wp\/v2\/vrsta-kamena?post=607"},{"taxonomy":"product_brand","embeddable":true,"href":"http:\/\/zlatara-dev.green-dev.rs\/en\/wp-json\/wp\/v2\/product_brand?post=607"},{"taxonomy":"product_cat","embeddable":true,"href":"http:\/\/zlatara-dev.green-dev.rs\/en\/wp-json\/wp\/v2\/product_cat?post=607"},{"taxonomy":"product_tag","embeddable":true,"href":"http:\/\/zlatara-dev.green-dev.rs\/en\/wp-json\/wp\/v2\/product_tag?post=607"}],"curies":[{"name":"wp","href":"https:\/\/api.w.org\/{rel}","templated":true}]}}