{"id":2294,"date":"2025-07-24T07:34:19","date_gmt":"2025-07-24T07:34:19","guid":{"rendered":"https:\/\/zlatara-dev.green-dev.rs\/product\/alke-od-zutog-belog-i-roze-zlata\/"},"modified":"2025-07-24T07:34:35","modified_gmt":"2025-07-24T07:34:35","slug":"alke-od-zutog-belog-i-roze-zlata","status":"publish","type":"product","link":"http:\/\/zlatara-dev.green-dev.rs\/en\/product\/alke-od-zutog-belog-i-roze-zlata\/","title":{"rendered":"Alke od \u017eutog, belog i roze zlata"},"content":{"rendered":"","protected":false},"excerpt":{"rendered":"<p>Alke izra\u0111ene od \u017eutog, belog i roze zlata.<\/p>","protected":false},"featured_media":2296,"template":"","meta":{"_acf_changed":false},"materijal":[56],"vrsta-kamena":[],"product_brand":[],"product_cat":[83,70,84],"product_tag":[],"class_list":{"0":"post-2294","1":"product","2":"type-product","3":"status-publish","4":"has-post-thumbnail","6":"materijal-kombinacija-zlata","7":"product_cat-mindjuse","8":"product_cat-nakit-zlatare-imperia","9":"product_cat-neizostavni-deo-nakita-za-sve-dame","10":"pa_materijali-kombinacija-zlata","12":"first","13":"instock","14":"purchasable","15":"product-type-simple"},"acf":{"english":""},"jetpack_sharing_enabled":true,"_links":{"self":[{"href":"http:\/\/zlatara-dev.green-dev.rs\/en\/wp-json\/wp\/v2\/product\/2294","targetHints":{"allow":["GET"]}}],"collection":[{"href":"http:\/\/zlatara-dev.green-dev.rs\/en\/wp-json\/wp\/v2\/product"}],"about":[{"href":"http:\/\/zlatara-dev.green-dev.rs\/en\/wp-json\/wp\/v2\/types\/product"}],"version-history":[{"count":1,"href":"http:\/\/zlatara-dev.green-dev.rs\/en\/wp-json\/wp\/v2\/product\/2294\/revisions"}],"predecessor-version":[{"id":2295,"href":"http:\/\/zlatara-dev.green-dev.rs\/en\/wp-json\/wp\/v2\/product\/2294\/revisions\/2295"}],"wp:featuredmedia":[{"embeddable":true,"href":"http:\/\/zlatara-dev.green-dev.rs\/en\/wp-json\/wp\/v2\/media\/2296"}],"wp:attachment":[{"href":"http:\/\/zlatara-dev.green-dev.rs\/en\/wp-json\/wp\/v2\/media?parent=2294"}],"wp:term":[{"taxonomy":"materijal","embeddable":true,"href":"http:\/\/zlatara-dev.green-dev.rs\/en\/wp-json\/wp\/v2\/materijal?post=2294"},{"taxonomy":"vrsta-kamena","embeddable":true,"href":"http:\/\/zlatara-dev.green-dev.rs\/en\/wp-json\/wp\/v2\/vrsta-kamena?post=2294"},{"taxonomy":"product_brand","embeddable":true,"href":"http:\/\/zlatara-dev.green-dev.rs\/en\/wp-json\/wp\/v2\/product_brand?post=2294"},{"taxonomy":"product_cat","embeddable":true,"href":"http:\/\/zlatara-dev.green-dev.rs\/en\/wp-json\/wp\/v2\/product_cat?post=2294"},{"taxonomy":"product_tag","embeddable":true,"href":"http:\/\/zlatara-dev.green-dev.rs\/en\/wp-json\/wp\/v2\/product_tag?post=2294"}],"curies":[{"name":"wp","href":"https:\/\/api.w.org\/{rel}","templated":true}]}}