{"id":1557,"date":"2025-07-24T07:22:01","date_gmt":"2025-07-24T07:22:01","guid":{"rendered":"https:\/\/zlatara-dev.green-dev.rs\/product\/zlatnik-sa-motivom-svetog-save\/"},"modified":"2025-07-24T07:22:02","modified_gmt":"2025-07-24T07:22:02","slug":"zlatnik-sa-motivom-svetog-save","status":"publish","type":"product","link":"http:\/\/zlatara-dev.green-dev.rs\/en\/product\/zlatnik-sa-motivom-svetog-save\/","title":{"rendered":"Zlatnik sa motivom Svetog Save"},"content":{"rendered":"","protected":false},"excerpt":{"rendered":"<p>Dukat sa motivima Svetog Save. Zlatnik je izra\u0111en od 22k zlata fino\u0107e 900\/1000.<\/p>\n<p>Cena je izra\u017eena za proizvod \u00d820 te\u017eine 3,50gr. Za poru\u010divanje dukata dole navedenih dimenzija mo\u017eete nam se obratiti telefonom ili mailom.<\/p>\n<p>Dostupne grama\u017ee:<\/p>","protected":false},"featured_media":1559,"template":"","meta":{"_acf_changed":false},"materijal":[],"vrsta-kamena":[],"product_brand":[],"product_cat":[81,82,65],"product_tag":[],"class_list":{"0":"post-1557","1":"product","2":"type-product","3":"status-publish","4":"has-post-thumbnail","6":"product_cat-kovani-zlatni-dukati","7":"product_cat-kovani-zlatni-dukati-22k-zlato","8":"product_cat-zlatnici-i-dukati","10":"first","11":"instock","12":"purchasable","13":"product-type-simple"},"acf":{"english":""},"jetpack_sharing_enabled":true,"_links":{"self":[{"href":"http:\/\/zlatara-dev.green-dev.rs\/en\/wp-json\/wp\/v2\/product\/1557","targetHints":{"allow":["GET"]}}],"collection":[{"href":"http:\/\/zlatara-dev.green-dev.rs\/en\/wp-json\/wp\/v2\/product"}],"about":[{"href":"http:\/\/zlatara-dev.green-dev.rs\/en\/wp-json\/wp\/v2\/types\/product"}],"version-history":[{"count":1,"href":"http:\/\/zlatara-dev.green-dev.rs\/en\/wp-json\/wp\/v2\/product\/1557\/revisions"}],"predecessor-version":[{"id":1558,"href":"http:\/\/zlatara-dev.green-dev.rs\/en\/wp-json\/wp\/v2\/product\/1557\/revisions\/1558"}],"wp:featuredmedia":[{"embeddable":true,"href":"http:\/\/zlatara-dev.green-dev.rs\/en\/wp-json\/wp\/v2\/media\/1559"}],"wp:attachment":[{"href":"http:\/\/zlatara-dev.green-dev.rs\/en\/wp-json\/wp\/v2\/media?parent=1557"}],"wp:term":[{"taxonomy":"materijal","embeddable":true,"href":"http:\/\/zlatara-dev.green-dev.rs\/en\/wp-json\/wp\/v2\/materijal?post=1557"},{"taxonomy":"vrsta-kamena","embeddable":true,"href":"http:\/\/zlatara-dev.green-dev.rs\/en\/wp-json\/wp\/v2\/vrsta-kamena?post=1557"},{"taxonomy":"product_brand","embeddable":true,"href":"http:\/\/zlatara-dev.green-dev.rs\/en\/wp-json\/wp\/v2\/product_brand?post=1557"},{"taxonomy":"product_cat","embeddable":true,"href":"http:\/\/zlatara-dev.green-dev.rs\/en\/wp-json\/wp\/v2\/product_cat?post=1557"},{"taxonomy":"product_tag","embeddable":true,"href":"http:\/\/zlatara-dev.green-dev.rs\/en\/wp-json\/wp\/v2\/product_tag?post=1557"}],"curies":[{"name":"wp","href":"https:\/\/api.w.org\/{rel}","templated":true}]}}