{"id":1395,"date":"2025-07-24T07:17:54","date_gmt":"2025-07-24T07:17:54","guid":{"rendered":"https:\/\/zlatara-dev.green-dev.rs\/product\/zlatne-mindjuse-ogrlica-i-narukvica\/"},"modified":"2025-07-24T07:18:50","modified_gmt":"2025-07-24T07:18:50","slug":"zlatne-mindjuse-ogrlica-i-narukvica","status":"publish","type":"product","link":"http:\/\/zlatara-dev.green-dev.rs\/en\/product\/zlatne-mindjuse-ogrlica-i-narukvica\/","title":{"rendered":"Zlatne min\u0111u\u0161e, ogrlica i narukvica"},"content":{"rendered":"","protected":false},"excerpt":{"rendered":"<p>Nesvakida\u0161nji i neobi\u010dan komplet koji se sastoji od min\u0111u\u0161a, narukvice i ogrlice.<br \/>Sve komade nakita iz ovog kompleta mo\u017eete kupiti i pojedina\u010dno i to:<\/p>\n<p>Narukvica: 185.750 rsd<br \/>Ogrlica: 298.250 rsd<br \/>Min\u0111u\u0161e: 70.100 rsd<\/p>","protected":false},"featured_media":1397,"template":"","meta":{"_acf_changed":false},"materijal":[],"vrsta-kamena":[],"product_brand":[],"product_cat":[71,72,70],"product_tag":[],"class_list":{"0":"post-1395","1":"product","2":"type-product","3":"status-publish","4":"has-post-thumbnail","6":"product_cat-kompleti-nakita","7":"product_cat-najkvalitetnije-zlato-i-drago-kamenje","8":"product_cat-nakit-zlatare-imperia","10":"first","11":"instock","12":"purchasable","13":"product-type-simple"},"acf":{"english":""},"jetpack_sharing_enabled":true,"_links":{"self":[{"href":"http:\/\/zlatara-dev.green-dev.rs\/en\/wp-json\/wp\/v2\/product\/1395","targetHints":{"allow":["GET"]}}],"collection":[{"href":"http:\/\/zlatara-dev.green-dev.rs\/en\/wp-json\/wp\/v2\/product"}],"about":[{"href":"http:\/\/zlatara-dev.green-dev.rs\/en\/wp-json\/wp\/v2\/types\/product"}],"version-history":[{"count":1,"href":"http:\/\/zlatara-dev.green-dev.rs\/en\/wp-json\/wp\/v2\/product\/1395\/revisions"}],"predecessor-version":[{"id":1396,"href":"http:\/\/zlatara-dev.green-dev.rs\/en\/wp-json\/wp\/v2\/product\/1395\/revisions\/1396"}],"wp:featuredmedia":[{"embeddable":true,"href":"http:\/\/zlatara-dev.green-dev.rs\/en\/wp-json\/wp\/v2\/media\/1397"}],"wp:attachment":[{"href":"http:\/\/zlatara-dev.green-dev.rs\/en\/wp-json\/wp\/v2\/media?parent=1395"}],"wp:term":[{"taxonomy":"materijal","embeddable":true,"href":"http:\/\/zlatara-dev.green-dev.rs\/en\/wp-json\/wp\/v2\/materijal?post=1395"},{"taxonomy":"vrsta-kamena","embeddable":true,"href":"http:\/\/zlatara-dev.green-dev.rs\/en\/wp-json\/wp\/v2\/vrsta-kamena?post=1395"},{"taxonomy":"product_brand","embeddable":true,"href":"http:\/\/zlatara-dev.green-dev.rs\/en\/wp-json\/wp\/v2\/product_brand?post=1395"},{"taxonomy":"product_cat","embeddable":true,"href":"http:\/\/zlatara-dev.green-dev.rs\/en\/wp-json\/wp\/v2\/product_cat?post=1395"},{"taxonomy":"product_tag","embeddable":true,"href":"http:\/\/zlatara-dev.green-dev.rs\/en\/wp-json\/wp\/v2\/product_tag?post=1395"}],"curies":[{"name":"wp","href":"https:\/\/api.w.org\/{rel}","templated":true}]}}