{"id":1384,"date":"2025-07-24T07:17:54","date_gmt":"2025-07-24T07:17:54","guid":{"rendered":"https:\/\/zlatara-dev.green-dev.rs\/product\/komplet-mindjuse-i-ogrlica-4341\/"},"modified":"2025-07-24T07:18:39","modified_gmt":"2025-07-24T07:18:39","slug":"komplet-mindjuse-i-ogrlica-4341","status":"publish","type":"product","link":"http:\/\/zlatara-dev.green-dev.rs\/en\/product\/komplet-mindjuse-i-ogrlica-4341\/","title":{"rendered":"Komplet min\u0111u\u0161e i ogrlica"},"content":{"rendered":"","protected":false},"excerpt":{"rendered":"<p>Prelep ne\u017ean komplet dolazi sa akvamarinom i dijamantima.<\/p>\n<p>Proizvode mo\u017eete kupiti i odvojeno i to:<\/p>\n<p>Min\u0111u\u0161e: 38.500 rsd<br \/>Ogrlica: 56.800 rsd<\/p>","protected":false},"featured_media":1386,"template":"","meta":{"_acf_changed":false},"materijal":[],"vrsta-kamena":[],"product_brand":[],"product_cat":[71,72,70],"product_tag":[],"class_list":{"0":"post-1384","1":"product","2":"type-product","3":"status-publish","4":"has-post-thumbnail","6":"product_cat-kompleti-nakita","7":"product_cat-najkvalitetnije-zlato-i-drago-kamenje","8":"product_cat-nakit-zlatare-imperia","10":"first","11":"instock","12":"purchasable","13":"product-type-simple"},"acf":{"english":""},"jetpack_sharing_enabled":true,"_links":{"self":[{"href":"http:\/\/zlatara-dev.green-dev.rs\/en\/wp-json\/wp\/v2\/product\/1384","targetHints":{"allow":["GET"]}}],"collection":[{"href":"http:\/\/zlatara-dev.green-dev.rs\/en\/wp-json\/wp\/v2\/product"}],"about":[{"href":"http:\/\/zlatara-dev.green-dev.rs\/en\/wp-json\/wp\/v2\/types\/product"}],"version-history":[{"count":1,"href":"http:\/\/zlatara-dev.green-dev.rs\/en\/wp-json\/wp\/v2\/product\/1384\/revisions"}],"predecessor-version":[{"id":1385,"href":"http:\/\/zlatara-dev.green-dev.rs\/en\/wp-json\/wp\/v2\/product\/1384\/revisions\/1385"}],"wp:featuredmedia":[{"embeddable":true,"href":"http:\/\/zlatara-dev.green-dev.rs\/en\/wp-json\/wp\/v2\/media\/1386"}],"wp:attachment":[{"href":"http:\/\/zlatara-dev.green-dev.rs\/en\/wp-json\/wp\/v2\/media?parent=1384"}],"wp:term":[{"taxonomy":"materijal","embeddable":true,"href":"http:\/\/zlatara-dev.green-dev.rs\/en\/wp-json\/wp\/v2\/materijal?post=1384"},{"taxonomy":"vrsta-kamena","embeddable":true,"href":"http:\/\/zlatara-dev.green-dev.rs\/en\/wp-json\/wp\/v2\/vrsta-kamena?post=1384"},{"taxonomy":"product_brand","embeddable":true,"href":"http:\/\/zlatara-dev.green-dev.rs\/en\/wp-json\/wp\/v2\/product_brand?post=1384"},{"taxonomy":"product_cat","embeddable":true,"href":"http:\/\/zlatara-dev.green-dev.rs\/en\/wp-json\/wp\/v2\/product_cat?post=1384"},{"taxonomy":"product_tag","embeddable":true,"href":"http:\/\/zlatara-dev.green-dev.rs\/en\/wp-json\/wp\/v2\/product_tag?post=1384"}],"curies":[{"name":"wp","href":"https:\/\/api.w.org\/{rel}","templated":true}]}}