{"id":1381,"date":"2025-07-24T07:17:54","date_gmt":"2025-07-24T07:17:54","guid":{"rendered":"https:\/\/zlatara-dev.green-dev.rs\/product\/hit-dizajn-komplet-mindjuse-i-ogrlica\/"},"modified":"2025-07-24T07:18:33","modified_gmt":"2025-07-24T07:18:33","slug":"hit-dizajn-komplet-mindjuse-i-ogrlica","status":"publish","type":"product","link":"http:\/\/zlatara-dev.green-dev.rs\/en\/product\/hit-dizajn-komplet-mindjuse-i-ogrlica\/","title":{"rendered":"HIT DIZAJN &#8211; Komplet min\u0111u\u0161e i ogrlica"},"content":{"rendered":"","protected":false},"excerpt":{"rendered":"<p>Odli\u010dna kombinacija sve popularnijeg plavog topaza i tradicionalnog dijamanta preto\u010dena u ovaj divni komplet od belog zlata.<\/p>\n<p>Ove proizvode mo\u017eete kupiti i odvojeno i to:<\/p>\n<p>Ogrlica: 34.800 rsd<br \/>Min\u0111u\u0161e: 48.700 rsd<\/p>","protected":false},"featured_media":1383,"template":"","meta":{"_acf_changed":false},"materijal":[],"vrsta-kamena":[],"product_brand":[],"product_cat":[71,72,70],"product_tag":[],"class_list":{"0":"post-1381","1":"product","2":"type-product","3":"status-publish","4":"has-post-thumbnail","6":"product_cat-kompleti-nakita","7":"product_cat-najkvalitetnije-zlato-i-drago-kamenje","8":"product_cat-nakit-zlatare-imperia","10":"first","11":"instock","12":"purchasable","13":"product-type-simple"},"acf":{"english":""},"jetpack_sharing_enabled":true,"_links":{"self":[{"href":"http:\/\/zlatara-dev.green-dev.rs\/en\/wp-json\/wp\/v2\/product\/1381","targetHints":{"allow":["GET"]}}],"collection":[{"href":"http:\/\/zlatara-dev.green-dev.rs\/en\/wp-json\/wp\/v2\/product"}],"about":[{"href":"http:\/\/zlatara-dev.green-dev.rs\/en\/wp-json\/wp\/v2\/types\/product"}],"version-history":[{"count":1,"href":"http:\/\/zlatara-dev.green-dev.rs\/en\/wp-json\/wp\/v2\/product\/1381\/revisions"}],"predecessor-version":[{"id":1382,"href":"http:\/\/zlatara-dev.green-dev.rs\/en\/wp-json\/wp\/v2\/product\/1381\/revisions\/1382"}],"wp:featuredmedia":[{"embeddable":true,"href":"http:\/\/zlatara-dev.green-dev.rs\/en\/wp-json\/wp\/v2\/media\/1383"}],"wp:attachment":[{"href":"http:\/\/zlatara-dev.green-dev.rs\/en\/wp-json\/wp\/v2\/media?parent=1381"}],"wp:term":[{"taxonomy":"materijal","embeddable":true,"href":"http:\/\/zlatara-dev.green-dev.rs\/en\/wp-json\/wp\/v2\/materijal?post=1381"},{"taxonomy":"vrsta-kamena","embeddable":true,"href":"http:\/\/zlatara-dev.green-dev.rs\/en\/wp-json\/wp\/v2\/vrsta-kamena?post=1381"},{"taxonomy":"product_brand","embeddable":true,"href":"http:\/\/zlatara-dev.green-dev.rs\/en\/wp-json\/wp\/v2\/product_brand?post=1381"},{"taxonomy":"product_cat","embeddable":true,"href":"http:\/\/zlatara-dev.green-dev.rs\/en\/wp-json\/wp\/v2\/product_cat?post=1381"},{"taxonomy":"product_tag","embeddable":true,"href":"http:\/\/zlatara-dev.green-dev.rs\/en\/wp-json\/wp\/v2\/product_tag?post=1381"}],"curies":[{"name":"wp","href":"https:\/\/api.w.org\/{rel}","templated":true}]}}