{"id":1378,"date":"2025-07-24T07:17:54","date_gmt":"2025-07-24T07:17:54","guid":{"rendered":"https:\/\/zlatara-dev.green-dev.rs\/product\/dijamantska-ogrlica-i-mindjuse\/"},"modified":"2025-07-24T07:18:31","modified_gmt":"2025-07-24T07:18:31","slug":"dijamantska-ogrlica-i-mindjuse","status":"publish","type":"product","link":"http:\/\/zlatara-dev.green-dev.rs\/en\/product\/dijamantska-ogrlica-i-mindjuse\/","title":{"rendered":"Dijamantska ogrlica i min\u0111u\u0161e"},"content":{"rendered":"","protected":false},"excerpt":{"rendered":"<p>Prelep komplet sa ne\u017enim akvamarinom i dijamantima kreiran od belog zlata.<\/p>\n<p>Komade nakita iz ovog kompleta mo\u017eete kupiti posebno i to po ceni:<\/p>\n<p>Ogrlica: 48.000 rsd<br \/>Min\u0111u\u0161e: 74.300 rsd<\/p>","protected":false},"featured_media":1380,"template":"","meta":{"_acf_changed":false},"materijal":[],"vrsta-kamena":[40],"product_brand":[],"product_cat":[71,72,70],"product_tag":[],"class_list":{"0":"post-1378","1":"product","2":"type-product","3":"status-publish","4":"has-post-thumbnail","6":"vrsta-kamena-dijamant","7":"product_cat-kompleti-nakita","8":"product_cat-najkvalitetnije-zlato-i-drago-kamenje","9":"product_cat-nakit-zlatare-imperia","10":"pa_vrste-kamena-dijamant","12":"first","13":"instock","14":"purchasable","15":"product-type-simple"},"acf":{"english":""},"jetpack_sharing_enabled":true,"_links":{"self":[{"href":"http:\/\/zlatara-dev.green-dev.rs\/en\/wp-json\/wp\/v2\/product\/1378","targetHints":{"allow":["GET"]}}],"collection":[{"href":"http:\/\/zlatara-dev.green-dev.rs\/en\/wp-json\/wp\/v2\/product"}],"about":[{"href":"http:\/\/zlatara-dev.green-dev.rs\/en\/wp-json\/wp\/v2\/types\/product"}],"version-history":[{"count":1,"href":"http:\/\/zlatara-dev.green-dev.rs\/en\/wp-json\/wp\/v2\/product\/1378\/revisions"}],"predecessor-version":[{"id":1379,"href":"http:\/\/zlatara-dev.green-dev.rs\/en\/wp-json\/wp\/v2\/product\/1378\/revisions\/1379"}],"wp:featuredmedia":[{"embeddable":true,"href":"http:\/\/zlatara-dev.green-dev.rs\/en\/wp-json\/wp\/v2\/media\/1380"}],"wp:attachment":[{"href":"http:\/\/zlatara-dev.green-dev.rs\/en\/wp-json\/wp\/v2\/media?parent=1378"}],"wp:term":[{"taxonomy":"materijal","embeddable":true,"href":"http:\/\/zlatara-dev.green-dev.rs\/en\/wp-json\/wp\/v2\/materijal?post=1378"},{"taxonomy":"vrsta-kamena","embeddable":true,"href":"http:\/\/zlatara-dev.green-dev.rs\/en\/wp-json\/wp\/v2\/vrsta-kamena?post=1378"},{"taxonomy":"product_brand","embeddable":true,"href":"http:\/\/zlatara-dev.green-dev.rs\/en\/wp-json\/wp\/v2\/product_brand?post=1378"},{"taxonomy":"product_cat","embeddable":true,"href":"http:\/\/zlatara-dev.green-dev.rs\/en\/wp-json\/wp\/v2\/product_cat?post=1378"},{"taxonomy":"product_tag","embeddable":true,"href":"http:\/\/zlatara-dev.green-dev.rs\/en\/wp-json\/wp\/v2\/product_tag?post=1378"}],"curies":[{"name":"wp","href":"https:\/\/api.w.org\/{rel}","templated":true}]}}