{"id":1370,"date":"2025-07-24T07:17:54","date_gmt":"2025-07-24T07:17:54","guid":{"rendered":"https:\/\/zlatara-dev.green-dev.rs\/product\/hit-dizajn-komplet-nakita-od-zlata\/"},"modified":"2025-07-24T07:18:24","modified_gmt":"2025-07-24T07:18:24","slug":"hit-dizajn-komplet-nakita-od-zlata","status":"publish","type":"product","link":"http:\/\/zlatara-dev.green-dev.rs\/en\/product\/hit-dizajn-komplet-nakita-od-zlata\/","title":{"rendered":"HIT DIZAJN &#8211; Komplet nakita od zlata"},"content":{"rendered":"","protected":false},"excerpt":{"rendered":"<p>Zlatni komplet nakita neobi\u010dnog oblika koji sadr\u017ei ogrlicu i min\u0111u\u0161e. Sa ovim kompletom \u0107ete sigurno biti prime\u0107eni.<\/p>\n<p>Komade nakita iz ovog kompleta mo\u017eete kupiti posebno i to po ceni:<\/p>\n<p>Ogrlica: 62.600 rsd<br \/>Min\u0111u\u0161e: 73.100 rsd<\/p>","protected":false},"featured_media":1372,"template":"","meta":{"_acf_changed":false},"materijal":[],"vrsta-kamena":[],"product_brand":[],"product_cat":[71,72,70],"product_tag":[],"class_list":{"0":"post-1370","1":"product","2":"type-product","3":"status-publish","4":"has-post-thumbnail","6":"product_cat-kompleti-nakita","7":"product_cat-najkvalitetnije-zlato-i-drago-kamenje","8":"product_cat-nakit-zlatare-imperia","10":"first","11":"instock","12":"purchasable","13":"product-type-simple"},"acf":{"english":""},"jetpack_sharing_enabled":true,"_links":{"self":[{"href":"http:\/\/zlatara-dev.green-dev.rs\/en\/wp-json\/wp\/v2\/product\/1370","targetHints":{"allow":["GET"]}}],"collection":[{"href":"http:\/\/zlatara-dev.green-dev.rs\/en\/wp-json\/wp\/v2\/product"}],"about":[{"href":"http:\/\/zlatara-dev.green-dev.rs\/en\/wp-json\/wp\/v2\/types\/product"}],"version-history":[{"count":1,"href":"http:\/\/zlatara-dev.green-dev.rs\/en\/wp-json\/wp\/v2\/product\/1370\/revisions"}],"predecessor-version":[{"id":1371,"href":"http:\/\/zlatara-dev.green-dev.rs\/en\/wp-json\/wp\/v2\/product\/1370\/revisions\/1371"}],"wp:featuredmedia":[{"embeddable":true,"href":"http:\/\/zlatara-dev.green-dev.rs\/en\/wp-json\/wp\/v2\/media\/1372"}],"wp:attachment":[{"href":"http:\/\/zlatara-dev.green-dev.rs\/en\/wp-json\/wp\/v2\/media?parent=1370"}],"wp:term":[{"taxonomy":"materijal","embeddable":true,"href":"http:\/\/zlatara-dev.green-dev.rs\/en\/wp-json\/wp\/v2\/materijal?post=1370"},{"taxonomy":"vrsta-kamena","embeddable":true,"href":"http:\/\/zlatara-dev.green-dev.rs\/en\/wp-json\/wp\/v2\/vrsta-kamena?post=1370"},{"taxonomy":"product_brand","embeddable":true,"href":"http:\/\/zlatara-dev.green-dev.rs\/en\/wp-json\/wp\/v2\/product_brand?post=1370"},{"taxonomy":"product_cat","embeddable":true,"href":"http:\/\/zlatara-dev.green-dev.rs\/en\/wp-json\/wp\/v2\/product_cat?post=1370"},{"taxonomy":"product_tag","embeddable":true,"href":"http:\/\/zlatara-dev.green-dev.rs\/en\/wp-json\/wp\/v2\/product_tag?post=1370"}],"curies":[{"name":"wp","href":"https:\/\/api.w.org\/{rel}","templated":true}]}}