{"id":1303,"date":"2025-07-24T07:16:53","date_gmt":"2025-07-24T07:16:53","guid":{"rendered":"https:\/\/zlatara-dev.green-dev.rs\/product\/komplet-nakita-od-zutog-zlata\/"},"modified":"2025-07-24T07:17:06","modified_gmt":"2025-07-24T07:17:06","slug":"komplet-nakita-od-zutog-zlata","status":"publish","type":"product","link":"http:\/\/zlatara-dev.green-dev.rs\/en\/product\/komplet-nakita-od-zutog-zlata\/","title":{"rendered":"Komplet nakita od \u017eutog zlata"},"content":{"rendered":"","protected":false},"excerpt":{"rendered":"<p>Prelepi komplet od \u017eutog zlata koji \u010dine ogrlica i min\u0111u\u0161e sa dijamantima.<br \/>U na\u0161oj juvelirnici na Novom Beogradu ih mo\u017eete kupiti i odvojeno i to po ceni od 44.000,00 za ogrlicu i 62.300,00 za min\u0111u\u0161e.<\/p>","protected":false},"featured_media":1305,"template":"","meta":{"_acf_changed":false},"materijal":[41],"vrsta-kamena":[],"product_brand":[],"product_cat":[71,72,70],"product_tag":[],"class_list":{"0":"post-1303","1":"product","2":"type-product","3":"status-publish","4":"has-post-thumbnail","6":"materijal-zuto-zlato","7":"product_cat-kompleti-nakita","8":"product_cat-najkvalitetnije-zlato-i-drago-kamenje","9":"product_cat-nakit-zlatare-imperia","10":"pa_materijali-zuto-zlato","12":"first","13":"instock","14":"purchasable","15":"product-type-simple"},"acf":{"english":""},"jetpack_sharing_enabled":true,"_links":{"self":[{"href":"http:\/\/zlatara-dev.green-dev.rs\/en\/wp-json\/wp\/v2\/product\/1303","targetHints":{"allow":["GET"]}}],"collection":[{"href":"http:\/\/zlatara-dev.green-dev.rs\/en\/wp-json\/wp\/v2\/product"}],"about":[{"href":"http:\/\/zlatara-dev.green-dev.rs\/en\/wp-json\/wp\/v2\/types\/product"}],"version-history":[{"count":1,"href":"http:\/\/zlatara-dev.green-dev.rs\/en\/wp-json\/wp\/v2\/product\/1303\/revisions"}],"predecessor-version":[{"id":1304,"href":"http:\/\/zlatara-dev.green-dev.rs\/en\/wp-json\/wp\/v2\/product\/1303\/revisions\/1304"}],"wp:featuredmedia":[{"embeddable":true,"href":"http:\/\/zlatara-dev.green-dev.rs\/en\/wp-json\/wp\/v2\/media\/1305"}],"wp:attachment":[{"href":"http:\/\/zlatara-dev.green-dev.rs\/en\/wp-json\/wp\/v2\/media?parent=1303"}],"wp:term":[{"taxonomy":"materijal","embeddable":true,"href":"http:\/\/zlatara-dev.green-dev.rs\/en\/wp-json\/wp\/v2\/materijal?post=1303"},{"taxonomy":"vrsta-kamena","embeddable":true,"href":"http:\/\/zlatara-dev.green-dev.rs\/en\/wp-json\/wp\/v2\/vrsta-kamena?post=1303"},{"taxonomy":"product_brand","embeddable":true,"href":"http:\/\/zlatara-dev.green-dev.rs\/en\/wp-json\/wp\/v2\/product_brand?post=1303"},{"taxonomy":"product_cat","embeddable":true,"href":"http:\/\/zlatara-dev.green-dev.rs\/en\/wp-json\/wp\/v2\/product_cat?post=1303"},{"taxonomy":"product_tag","embeddable":true,"href":"http:\/\/zlatara-dev.green-dev.rs\/en\/wp-json\/wp\/v2\/product_tag?post=1303"}],"curies":[{"name":"wp","href":"https:\/\/api.w.org\/{rel}","templated":true}]}}