{"id":1273,"date":"2025-07-24T07:16:53","date_gmt":"2025-07-24T07:16:53","guid":{"rendered":"https:\/\/zlatara-dev.green-dev.rs\/product\/zlatnik-presvete-bogorodice\/"},"modified":"2025-07-24T07:16:55","modified_gmt":"2025-07-24T07:16:55","slug":"zlatnik-presvete-bogorodice","status":"publish","type":"product","link":"http:\/\/zlatara-dev.green-dev.rs\/en\/product\/zlatnik-presvete-bogorodice\/","title":{"rendered":"Zlatnik Presvete Bogorodice"},"content":{"rendered":"","protected":false},"excerpt":{"rendered":"<p>Dukat sa likom Presvete Bogorodice. Zlatnik je izra\u0111en od 14k zlata fino\u0107e 585\/1000.<\/p>\n<p>Cena je izra\u017eena za osnovnu veli\u010dinu. Za poru\u010divanje dukata dole navedenih veli\u010dina mo\u017eete nam se obratiti telefonom ili mailom.<\/p>\n<p>Dostupne veli\u010dine:<\/p>\n<p>Osnovna veli\u010dina &#8211; 1,00gr &#8211; 15.000,00 dinara<br \/>Srednja veli\u010dina &#8211; 2,00gr &#8211; 30.000,00 dinara<br \/>Veliki dukat &#8211; 3,00gr &#8211; 45.000,00 dinara<\/p>\n<p>Molimo vas da pre poru\u010divanja dukata pozovete kako biste proverili da li \u017eeljeni dukat imamo u radnji na stanju.<\/p>","protected":false},"featured_media":1275,"template":"","meta":{"_acf_changed":false},"materijal":[],"vrsta-kamena":[],"product_brand":[],"product_cat":[68,69,65],"product_tag":[],"class_list":{"0":"post-1273","1":"product","2":"type-product","3":"status-publish","4":"has-post-thumbnail","6":"product_cat-gravirani-zlatni-dukati","7":"product_cat-gravirani-zlatni-dukati-14k-zlato","8":"product_cat-zlatnici-i-dukati","10":"first","11":"instock","12":"purchasable","13":"product-type-simple"},"acf":{"english":""},"jetpack_sharing_enabled":true,"_links":{"self":[{"href":"http:\/\/zlatara-dev.green-dev.rs\/en\/wp-json\/wp\/v2\/product\/1273","targetHints":{"allow":["GET"]}}],"collection":[{"href":"http:\/\/zlatara-dev.green-dev.rs\/en\/wp-json\/wp\/v2\/product"}],"about":[{"href":"http:\/\/zlatara-dev.green-dev.rs\/en\/wp-json\/wp\/v2\/types\/product"}],"version-history":[{"count":1,"href":"http:\/\/zlatara-dev.green-dev.rs\/en\/wp-json\/wp\/v2\/product\/1273\/revisions"}],"predecessor-version":[{"id":1274,"href":"http:\/\/zlatara-dev.green-dev.rs\/en\/wp-json\/wp\/v2\/product\/1273\/revisions\/1274"}],"wp:featuredmedia":[{"embeddable":true,"href":"http:\/\/zlatara-dev.green-dev.rs\/en\/wp-json\/wp\/v2\/media\/1275"}],"wp:attachment":[{"href":"http:\/\/zlatara-dev.green-dev.rs\/en\/wp-json\/wp\/v2\/media?parent=1273"}],"wp:term":[{"taxonomy":"materijal","embeddable":true,"href":"http:\/\/zlatara-dev.green-dev.rs\/en\/wp-json\/wp\/v2\/materijal?post=1273"},{"taxonomy":"vrsta-kamena","embeddable":true,"href":"http:\/\/zlatara-dev.green-dev.rs\/en\/wp-json\/wp\/v2\/vrsta-kamena?post=1273"},{"taxonomy":"product_brand","embeddable":true,"href":"http:\/\/zlatara-dev.green-dev.rs\/en\/wp-json\/wp\/v2\/product_brand?post=1273"},{"taxonomy":"product_cat","embeddable":true,"href":"http:\/\/zlatara-dev.green-dev.rs\/en\/wp-json\/wp\/v2\/product_cat?post=1273"},{"taxonomy":"product_tag","embeddable":true,"href":"http:\/\/zlatara-dev.green-dev.rs\/en\/wp-json\/wp\/v2\/product_tag?post=1273"}],"curies":[{"name":"wp","href":"https:\/\/api.w.org\/{rel}","templated":true}]}}